{"id":57,"date":"2019-12-10T16:25:36","date_gmt":"2019-12-10T16:25:36","guid":{"rendered":"https:\/\/infinityfive.de\/?page_id=57"},"modified":"2021-07-20T12:06:29","modified_gmt":"2021-07-20T12:06:29","slug":"ueber-uns","status":"publish","type":"page","link":"https:\/\/infinityfive.de\/?page_id=57","title":{"rendered":"\u00dcber Uns"},"content":{"rendered":"\n<h1 class=\"wp-block-heading\">\u00dcber Uns<\/h1>\n\n\n\n<p>Seit Fr\u00fchsommer 2020  ist in der N\u00e4he von Regensburg &#8211; im Herzen Bayerns &#8211; eine topmoderne <em>REININGANLAGE<\/em> entstanden. Nach langer Planung hatte der Bau unserer <em>INFINITY5RANCH<\/em> im November 2019 begonnen.<\/p>\n\n\n\n<p>Inzwischen sind die Baumassnahmen weitgehend vollendet &#8211; es fehlt zum Teil noch das &#8220;gr\u00fcne&#8221; Finish und die Fertigstellung diverser Aussenanlagen. Aber der Betrieb ist bereits im vollen Gang.<\/p>\n\n\n\n<figure class=\"wp-block-image size-large\"><img loading=\"lazy\" decoding=\"async\" width=\"2000\" height=\"1333\" src=\"https:\/\/infinityfive.de\/wp-content\/uploads\/2021\/07\/Eingang_kl.jpg\" alt=\"\" class=\"wp-image-304\"\/><figcaption>Eingangsbereich<\/figcaption><\/figure>\n\n\n\n<h3 class=\"wp-block-heading\">Willkommen auf der infinity five Ranch<\/h3>\n\n\n\n<h3 class=\"wp-block-heading\">Das bietet die INFINITY5RANCH&#8230;<\/h3>\n\n\n\n<p>\u2795 Nur 30 Minuten von <em>KREUTH<\/em> entfernt<br>\u2795 Modernste Holzbauweise mit Nutzung erneuerbare Energien<br>\u2795 Beste Bedingungen f\u00fcr Pferdehaltung<br>\u2795 60x25m Halle mit Reiningboden<br>\u2795 80x40m Aussenreitplatz mit Reiningboden (in Planung)<br>\u2795 Roundpen &amp; F\u00fchranlage<br>\u2795 Ausschlie\u00dflich Paddockboxen<br>\u2795 Jungpferdeaufzucht<br>\u2795 Gro\u00dfz\u00fcgige Koppeln<br>\u2795 Ruhige Lage in gr\u00fcner Umgebung<br>\u2795 Hervorragende Verkehrsanbindung an die A93<\/p>\n\n\n\n<h3 class=\"wp-block-heading\">unser Herzst\u00fcck &#8211; die Reithalle <\/h3>\n\n\n\n<figure class=\"wp-block-image size-large\"><img loading=\"lazy\" decoding=\"async\" width=\"2000\" height=\"1333\" src=\"https:\/\/infinityfive.de\/wp-content\/uploads\/2021\/07\/Halle_kl.jpg\" alt=\"\" class=\"wp-image-305\"\/><figcaption>Reithalle mit Reiningboden<\/figcaption><\/figure>\n\n\n\n<h3 class=\"wp-block-heading\">zum &#8220;Staunen&#8221; ist auch genug Platz <\/h3>\n\n\n\n<figure class=\"wp-block-image size-large\"><img loading=\"lazy\" decoding=\"async\" width=\"2000\" height=\"1333\" src=\"https:\/\/infinityfive.de\/wp-content\/uploads\/2021\/07\/Tribuenengang_kl.jpg\" alt=\"\" class=\"wp-image-306\"\/><figcaption>Trib\u00fcnengang<\/figcaption><\/figure>\n\n\n\n<h3 class=\"wp-block-heading\">und hier wird&#8217;s gem\u00fctlich <\/h3>\n\n\n\n<figure class=\"wp-block-image size-large\"><img loading=\"lazy\" decoding=\"async\" width=\"2000\" height=\"1333\" src=\"https:\/\/infinityfive.de\/wp-content\/uploads\/2021\/07\/Stueberl_kl.jpg\" alt=\"\" class=\"wp-image-307\"\/><figcaption>St\u00fcberl<\/figcaption><\/figure>\n\n\n\n<h3 class=\"wp-block-heading\">auch f\u00fcr unsere wichtigsten G\u00e4ste<\/h3>\n\n\n\n<figure class=\"wp-block-image size-large\"><img loading=\"lazy\" decoding=\"async\" width=\"1024\" height=\"682\" src=\"https:\/\/infinityfive.de\/wp-content\/uploads\/2021\/07\/83feaef1-2bc3-4bda-afa7-8be18a2969be.jpg\" alt=\"\" class=\"wp-image-309\"\/><\/figure>\n","protected":false},"excerpt":{"rendered":"<p>\u00dcber Uns Seit Fr\u00fchsommer 2020 ist in der N\u00e4he von Regensburg &#8211; im Herzen Bayerns &#8211; eine topmoderne REININGANLAGE entstanden. Nach langer Planung hatte der Bau unserer INFINITY5RANCH im November 2019 begonnen. Inzwischen sind die Baumassnahmen weitgehend vollendet &#8211; es fehlt zum Teil noch das &#8220;gr\u00fcne&#8221; Finish und die Fertigstellung diverser Aussenanlagen. Aber der Betrieb &hellip;<\/p>\n","protected":false},"author":2,"featured_media":0,"parent":0,"menu_order":0,"comment_status":"closed","ping_status":"closed","template":"","meta":{"footnotes":""},"class_list":["post-57","page","type-page","status-publish","hentry","no-thumb"],"_links":{"self":[{"href":"https:\/\/infinityfive.de\/index.php?rest_route=\/wp\/v2\/pages\/57","targetHints":{"allow":["GET"]}}],"collection":[{"href":"https:\/\/infinityfive.de\/index.php?rest_route=\/wp\/v2\/pages"}],"about":[{"href":"https:\/\/infinityfive.de\/index.php?rest_route=\/wp\/v2\/types\/page"}],"author":[{"embeddable":true,"href":"https:\/\/infinityfive.de\/index.php?rest_route=\/wp\/v2\/users\/2"}],"replies":[{"embeddable":true,"href":"https:\/\/infinityfive.de\/index.php?rest_route=%2Fwp%2Fv2%2Fcomments&post=57"}],"version-history":[{"count":10,"href":"https:\/\/infinityfive.de\/index.php?rest_route=\/wp\/v2\/pages\/57\/revisions"}],"predecessor-version":[{"id":331,"href":"https:\/\/infinityfive.de\/index.php?rest_route=\/wp\/v2\/pages\/57\/revisions\/331"}],"wp:attachment":[{"href":"https:\/\/infinityfive.de\/index.php?rest_route=%2Fwp%2Fv2%2Fmedia&parent=57"}],"curies":[{"name":"wp","href":"https:\/\/api.w.org\/{rel}","templated":true}]}}